{"id":58,"date":"2026-02-11T17:37:01","date_gmt":"2026-02-11T20:37:01","guid":{"rendered":"https:\/\/fontedireta.com.br\/index.php\/politica-de-cookies-br\/"},"modified":"2026-02-11T17:37:01","modified_gmt":"2026-02-11T20:37:01","slug":"politica-de-cookies-br","status":"publish","type":"page","link":"https:\/\/fontedireta.com.br\/index.php\/politica-de-cookies-br\/","title":{"rendered":"Pol\u00edtica de cookies (BR)"},"content":{"rendered":"\n<!-- Legal document generated by Complianz | GDPR\/CCPA Cookie Consent https:\/\/wordpress.org\/plugins\/complianz-gdpr -->\n<div id=\"cmplz-document\" class=\"cmplz-document cookie-statement cmplz-document-br\"><p><i>Esta pol\u00edtica de cookies foi atualizada pela \u00faltima vez em 11 de fevereiro de 2026 e se aplica a cidad\u00e3os e residentes permanentes legais do Brasil.<\/i><br \/><\/p><h2>1. Introdu\u00e7\u00e3o<\/h2><p>Nosso site, <a href=\"https:\/\/fontedireta.com.br\">https:\/\/fontedireta.com.br<\/a> (doravante: \u201co site\u201d), usa cookies e outras tecnologias relacionadas (por conveni\u00eancia, todas as tecnologias s\u00e3o chamadas de \u201ccookies\u201d). Os cookies tamb\u00e9m podem ser inseridos por terceiros que sejam nossos parceiros. No documento abaixo, informamos sobre o uso de cookies no nosso site.<\/p><h2>2. O que s\u00e3o cookies?<\/h2><p>Um cookie \u00e9 um pequeno arquivo simples, que \u00e9 enviado junto com as p\u00e1ginas deste site e armazenado pelo seu navegador no disco r\u00edgido do seu computador ou em outro dispositivo. As informa\u00e7\u00f5es armazenadas nele podem ser retornadas aos nossos servidores, ou aos servidores de terceiros relevantes, durante um acesso posterior.<\/p><h2>3. O que s\u00e3o scripts?<\/h2><p>Um script \u00e9 um trecho de c\u00f3digo de programa, usado para fazer com que nosso site funcione de forma adequada e interativa. Esse c\u00f3digo \u00e9 executado em nosso servidor ou no seu dispositivo.<\/p><h2>4. O que \u00e9 um web beacon?<\/h2><p>Um web beacon (ou pixel de rastreamento) \u00e9 um pequeno trecho invis\u00edvel de texto ou imagem em um site, usado para monitorar o tr\u00e1fego. Para isso, v\u00e1rios dados sobre voc\u00ea s\u00e3o armazenados usando web beacons.<\/p><h2>5. Cookies<\/h2><p class=\"cmplz-subtitle\">5.1 Cookies t\u00e9cnicos ou funcionais<\/p><p>Alguns cookies garantem que determinadas partes do site funcionem corretamente e que suas prefer\u00eancias de usu\u00e1rio sejam armazenadas. Ao inserir cookies funcionais, facilitamos seu acesso ao nosso site. Assim, voc\u00ea n\u00e3o precisa inserir repetidamente as mesmas informa\u00e7\u00f5es ao acessar nosso site e, por exemplo, os itens permanecem no carrinho de compras at\u00e9 que voc\u00ea conclua o pagamento. Podemos inserir esses cookies sem seu consentimento.<\/p><p class=\"cmplz-subtitle\">5.2 Cookies de estat\u00edsticas<\/p><p>Usamos cookies de estat\u00edsticas, para otimizar a experi\u00eancia do site para nossos usu\u00e1rios. Com esses cookies de estat\u00edsticas, recebemos informa\u00e7\u00f5es sobre o uso do nosso site.&nbsp;Solicitamos sua permiss\u00e3o para inserir cookies de estat\u00edsticas.<\/p><h2>6. Cookies inseridos<\/h2><div id=\"cmplz-cookies-overview\"><details class=\"cmplz-dropdown cmplz-service-desc cmplz-dropdown-cookiepolicy \">\n\t<summary class=\"cmplz-service-header\"><div>\n\t\t<h3>WordPress<\/h3>\n\t\t<p>Funcional<\/p>\n\t\t<label for=\"cmplz_service_wordpress\" class=\"cmplz_consent_per_service_label\"><span class=\"screen-reader-text\">Consent to service wordpress<\/span><\/label>\n\t\t<input type=\"checkbox\" id=\"cmplz_service_wordpress\" class=\"cmplz-accept-service cmplz-hidden\" data-service=\"wordpress\" data-category=\"functional\"><\/div>\n\t<\/summary>\n\t<div class=\"cmplz-service-description\">\n\t\t<h4>Uso<\/h4>\n\t\t<p>Usamos WordPress para desenvolvimento de sites. <a target=\"_blank\" rel=\"noopener noreferrer nofollow\" href=\"https:\/\/cookiedatabase.org\/service\/wordpress\/\">Leia mais sobre WordPress<\/a><\/p>\n\t<\/div>\n\t<div class=\"cmplz-sharing-data\">\n\t\t<h4>Compartilhamento de dados<\/h4>\n\t\t<p>Esses dados n\u00e3o s\u00e3o compartilhados com terceiros.<\/p>\n\t<\/div>\n\t<div class=\"cookies-per-purpose\">\n    <div class=\"purpose\"><h4>Funcional<\/h4><\/div>\n    <div class=\"name-header\">\n\t<h5>Nome<\/h5>\n<\/div>\n<div class=\"name\"><a target=\"_blank\" rel=\"noopener noreferrer nofollow\" href=\"https:\/\/cookiedatabase.org\/cookie\/wordpress\/wpemojisettingssupports\/\">wpEmojiSettingsSupports<\/a><\/div>\n<div class=\"retention-header\">\n\t<h5>Expira\u00e7\u00e3o<\/h5>\n<\/div>\n<div class=\"retention\">sess\u00e3o<\/div>\n<div class=\"function-header\">\n\t<h5>Fun\u00e7\u00e3o<\/h5>\n<\/div>\n<div class=\"function\">Armazenar detalhes de navegador<\/div>\n\n<\/div>\n<\/details>\n<details class=\"cmplz-dropdown cmplz-service-desc cmplz-dropdown-cookiepolicy \">\n\t<summary class=\"cmplz-service-header\"><div>\n\t\t<h3>Diversos<\/h3>\n\t\t<p>Objetivo aguardando an\u00e1lise<\/p>\n\t\t<label for=\"cmplz_service_diversos\" class=\"cmplz_consent_per_service_label\"><span class=\"screen-reader-text\">Consent to service diversos<\/span><\/label>\n\t\t<input type=\"checkbox\" id=\"cmplz_service_diversos\" class=\"cmplz-accept-service cmplz-hidden\" data-service=\"diversos\" data-category=\"functional\"><\/div>\n\t<\/summary>\n\t<div class=\"cmplz-service-description\">\n\t\t<h4>Uso<\/h4>\n\t\t<p><\/p>\n\t<\/div>\n\t<div class=\"cmplz-sharing-data\">\n\t\t<h4>Compartilhamento de dados<\/h4>\n\t\t<p>O compartilhamento de dados est\u00e1 aguardando an\u00e1lise<\/p>\n\t<\/div>\n\t<div class=\"cookies-per-purpose\">\n    <div class=\"purpose\"><h4>Objetivo aguardando an\u00e1lise<\/h4><\/div>\n    <div class=\"name-header\">\n\t<h5>Nome<\/h5>\n<\/div>\n<div class=\"name\">wp-settings-time-1<\/div>\n<div class=\"retention-header\">\n\t<h5>Expira\u00e7\u00e3o<\/h5>\n<\/div>\n<div class=\"retention\"><\/div>\n<div class=\"function-header\">\n\t<h5>Fun\u00e7\u00e3o<\/h5>\n<\/div>\n<div class=\"function\"><\/div>\n<div class=\"name-header\">\n\t<h5>Nome<\/h5>\n<\/div>\n<div class=\"name\">cmplz_functional<\/div>\n<div class=\"retention-header\">\n\t<h5>Expira\u00e7\u00e3o<\/h5>\n<\/div>\n<div class=\"retention\">365 dias<\/div>\n<div class=\"function-header\">\n\t<h5>Fun\u00e7\u00e3o<\/h5>\n<\/div>\n<div class=\"function\"><\/div>\n<div class=\"name-header\">\n\t<h5>Nome<\/h5>\n<\/div>\n<div class=\"name\">cmplz_statistics<\/div>\n<div class=\"retention-header\">\n\t<h5>Expira\u00e7\u00e3o<\/h5>\n<\/div>\n<div class=\"retention\">365 dias<\/div>\n<div class=\"function-header\">\n\t<h5>Fun\u00e7\u00e3o<\/h5>\n<\/div>\n<div class=\"function\"><\/div>\n<div class=\"name-header\">\n\t<h5>Nome<\/h5>\n<\/div>\n<div class=\"name\">cmplz_preferences<\/div>\n<div class=\"retention-header\">\n\t<h5>Expira\u00e7\u00e3o<\/h5>\n<\/div>\n<div class=\"retention\">365 dias<\/div>\n<div class=\"function-header\">\n\t<h5>Fun\u00e7\u00e3o<\/h5>\n<\/div>\n<div class=\"function\"><\/div>\n<div class=\"name-header\">\n\t<h5>Nome<\/h5>\n<\/div>\n<div class=\"name\">cmplz_marketing<\/div>\n<div class=\"retention-header\">\n\t<h5>Expira\u00e7\u00e3o<\/h5>\n<\/div>\n<div class=\"retention\">365 dias<\/div>\n<div class=\"function-header\">\n\t<h5>Fun\u00e7\u00e3o<\/h5>\n<\/div>\n<div class=\"function\"><\/div>\n\n<\/div>\n<\/details>\n<\/div><h2>7. Ativa\u00e7\u00e3o\/desativa\u00e7\u00e3o e exclus\u00e3o de cookies<\/h2><p>Voc\u00ea pode usar seu navegador para excluir cookies autom\u00e1tica ou manualmente. Voc\u00ea tamb\u00e9m pode especificar que determinados cookies n\u00e3o podem ser inseridos. Outra op\u00e7\u00e3o \u00e9 alterar as configura\u00e7\u00f5es do navegador para que voc\u00ea receba uma mensagem sempre que um cookie for inserido. Para mais informa\u00e7\u00f5es sobre essas op\u00e7\u00f5es, consulte as instru\u00e7\u00f5es na se\u00e7\u00e3o de ajuda do seu navegador.<\/p><p>Observe que nosso site pode n\u00e3o funcionar corretamente se todos os cookies estiverem desativados. Se voc\u00ea excluir os cookies do seu navegador, eles ser\u00e3o inseridos novamente, ap\u00f3s seu consentimento, quando voc\u00ea acessar nosso site novamente.<\/p><h2>8. Seus direitos em rela\u00e7\u00e3o aos dados pessoais<\/h2><p>Voc\u00ea tem os seguintes direitos em rela\u00e7\u00e3o aos seus dados pessoais:<\/p><ul>\n                    <li>confirma\u00e7\u00e3o da exist\u00eancia do processamento;<\/li>\n                    <li>acesso aos dados;<\/li>\n                    <li>corre\u00e7\u00e3o de dados incompletos, imprecisos ou desatualizados;<\/li>\n                    <li>anonimiza\u00e7\u00e3o, bloqueio ou exclus\u00e3o dos dados desnecess\u00e1rios, excessivos ou processados em desacordo com as disposi\u00e7\u00f5es da Lei Geral de Prote\u00e7\u00e3o de Dados Pessoais (LGPD);<\/li>\n                    <li>portabilidade dos dados para outro provedor de servi\u00e7os ou produtos, mediante solicita\u00e7\u00e3o expressa, de acordo com os regulamentos da autoridade nacional, observando os segredos comerciais e industriais;<\/li>\n                    <li>exclus\u00e3o dos dados pessoais processados com o consentimento do titular, exceto nos casos previstos no art. 16 da Lei Geral de Prote\u00e7\u00e3o de Dados Pessoais (LGPD);<\/li>\n                    <li>informa\u00e7\u00f5es sobre entidades p\u00fablicas e privadas com as quais o controlador compartilhou dados;<\/li>\n                    <li>informa\u00e7\u00f5es sobre a possibilidade de n\u00e3o fornecer consentimento e as consequ\u00eancias da rejei\u00e7\u00e3o.<\/li>\n                <\/ul><p>Para exercer esses direitos, fale conosco. Consulte os detalhes de contato na parte inferior desta pol\u00edtica de cookies. Se tiver uma reclama\u00e7\u00e3o sobre como processamos seus dados, gostar\u00edamos de ouvi-lo, mas voc\u00ea tamb\u00e9m tem o direito de enviar uma reclama\u00e7\u00e3o \u00e0 Autoridade Nacional de Prote\u00e7\u00e3o de Dados (ANPD):<\/p><br \/>Autoridade Nacional de Prote\u00e7\u00e3o de Dados\n\t\t\t\t\t\t<br \/>\n\t\t\t\t\t\t<br \/>Esplanada dos Minist\u00e9rios,\n\t\t\t\t\t\t<br \/>Bloco C,\n\t\t\t\t\t\t<br \/>2\u00ba andar,\n\t\t\t\t\t\t<br \/>CEP 70297-400 &#8211; Bras\u00edlia \u2013 DF.\n\t\t\t\t\t\t<br \/><a href=\"https:\/\/www.gov.br\/anpd\/pt-br\/canais_atendimento\/\" target=\"_blank\">Site<\/a><h2>9. Detalhes de contato<\/h2><p>Em caso de d\u00favidas e\/ou coment\u00e1rios sobre nossa pol\u00edtica de cookies e esta declara\u00e7\u00e3o, fale conosco usando os seguintes dados de contato:<\/p><p><span class=\"cmplz-contact-organisation\">Michael Santos<\/span><br>\n                    <span class=\"cmplz-contact-address\">Teresina<\/span><br>\n                    <span class=\"cmplz-contact-country\">Brasil<\/span><br>\n                    Site: <span class=\"cmplz-contact-domain\"><a href=\"https:\/\/fontedireta.com.br\">https:\/\/fontedireta.com.br<\/a><\/span><br>\n                    E-mail:  <span class=\"cmplz-contact-email\"><span class=\"cmplz-obfuscate\">&#097;&#116;endim&#101;n&#116;oa&#103;&#101;nc&#105;&#097;m&#115;@<span class=\"cmplz-fmail-domain\">&#101;&#120;.c&#111;&#109;<\/span>gm&#097;i&#108;&#046;c&#111;m<\/span><\/span><br>\n                    <span class=\"cmplz-contact-telephone\"><\/span><\/p><p>Esta pol\u00edtica de cookies foi sincronizada com o <a href=\"https:\/\/cookiedatabase.org\/\" target=\"_blank\">cookiedatabase.org<\/a> em 11 de fevereiro de 2026.<\/p><\/div>","protected":false},"excerpt":{"rendered":"","protected":false},"author":1,"featured_media":0,"parent":0,"menu_order":0,"comment_status":"closed","ping_status":"closed","template":"","meta":{"footnotes":""},"class_list":["post-58","page","type-page","status-publish","hentry"],"yoast_head":"<!-- This site is optimized with the Yoast SEO plugin v26.9 - https:\/\/yoast.com\/product\/yoast-seo-wordpress\/ -->\n<title>Pol\u00edtica de cookies (BR) - Fonte Direta<\/title>\n<meta name=\"robots\" content=\"index, follow, max-snippet:-1, max-image-preview:large, max-video-preview:-1\" \/>\n<link rel=\"canonical\" href=\"https:\/\/fontedireta.com.br\/index.php\/politica-de-cookies-br\/\" \/>\n<meta property=\"og:locale\" content=\"pt_BR\" \/>\n<meta property=\"og:type\" content=\"article\" \/>\n<meta property=\"og:title\" content=\"Pol\u00edtica de cookies (BR) - Fonte Direta\" \/>\n<meta property=\"og:url\" content=\"https:\/\/fontedireta.com.br\/index.php\/politica-de-cookies-br\/\" \/>\n<meta property=\"og:site_name\" content=\"Fonte Direta\" \/>\n<meta name=\"twitter:card\" content=\"summary_large_image\" \/>\n<script type=\"application\/ld+json\" class=\"yoast-schema-graph\">{\"@context\":\"https:\/\/schema.org\",\"@graph\":[{\"@type\":\"WebPage\",\"@id\":\"https:\/\/fontedireta.com.br\/index.php\/politica-de-cookies-br\/\",\"url\":\"https:\/\/fontedireta.com.br\/index.php\/politica-de-cookies-br\/\",\"name\":\"Pol\u00edtica de cookies (BR) - Fonte Direta\",\"isPartOf\":{\"@id\":\"https:\/\/fontedireta.com.br\/#website\"},\"datePublished\":\"2026-02-11T20:37:01+00:00\",\"breadcrumb\":{\"@id\":\"https:\/\/fontedireta.com.br\/index.php\/politica-de-cookies-br\/#breadcrumb\"},\"inLanguage\":\"pt-BR\",\"potentialAction\":[{\"@type\":\"ReadAction\",\"target\":[\"https:\/\/fontedireta.com.br\/index.php\/politica-de-cookies-br\/\"]}]},{\"@type\":\"BreadcrumbList\",\"@id\":\"https:\/\/fontedireta.com.br\/index.php\/politica-de-cookies-br\/#breadcrumb\",\"itemListElement\":[{\"@type\":\"ListItem\",\"position\":1,\"name\":\"In\u00edcio\",\"item\":\"https:\/\/fontedireta.com.br\/\"},{\"@type\":\"ListItem\",\"position\":2,\"name\":\"Pol\u00edtica de cookies (BR)\"}]},{\"@type\":\"WebSite\",\"@id\":\"https:\/\/fontedireta.com.br\/#website\",\"url\":\"https:\/\/fontedireta.com.br\/\",\"name\":\"Fonte Direta\",\"description\":\"\",\"potentialAction\":[{\"@type\":\"SearchAction\",\"target\":{\"@type\":\"EntryPoint\",\"urlTemplate\":\"https:\/\/fontedireta.com.br\/?s={search_term_string}\"},\"query-input\":{\"@type\":\"PropertyValueSpecification\",\"valueRequired\":true,\"valueName\":\"search_term_string\"}}],\"inLanguage\":\"pt-BR\"}]}<\/script>\n<!-- \/ Yoast SEO plugin. -->","yoast_head_json":{"title":"Pol\u00edtica de cookies (BR) - Fonte Direta","robots":{"index":"index","follow":"follow","max-snippet":"max-snippet:-1","max-image-preview":"max-image-preview:large","max-video-preview":"max-video-preview:-1"},"canonical":"https:\/\/fontedireta.com.br\/index.php\/politica-de-cookies-br\/","og_locale":"pt_BR","og_type":"article","og_title":"Pol\u00edtica de cookies (BR) - Fonte Direta","og_url":"https:\/\/fontedireta.com.br\/index.php\/politica-de-cookies-br\/","og_site_name":"Fonte Direta","twitter_card":"summary_large_image","schema":{"@context":"https:\/\/schema.org","@graph":[{"@type":"WebPage","@id":"https:\/\/fontedireta.com.br\/index.php\/politica-de-cookies-br\/","url":"https:\/\/fontedireta.com.br\/index.php\/politica-de-cookies-br\/","name":"Pol\u00edtica de cookies (BR) - Fonte Direta","isPartOf":{"@id":"https:\/\/fontedireta.com.br\/#website"},"datePublished":"2026-02-11T20:37:01+00:00","breadcrumb":{"@id":"https:\/\/fontedireta.com.br\/index.php\/politica-de-cookies-br\/#breadcrumb"},"inLanguage":"pt-BR","potentialAction":[{"@type":"ReadAction","target":["https:\/\/fontedireta.com.br\/index.php\/politica-de-cookies-br\/"]}]},{"@type":"BreadcrumbList","@id":"https:\/\/fontedireta.com.br\/index.php\/politica-de-cookies-br\/#breadcrumb","itemListElement":[{"@type":"ListItem","position":1,"name":"In\u00edcio","item":"https:\/\/fontedireta.com.br\/"},{"@type":"ListItem","position":2,"name":"Pol\u00edtica de cookies (BR)"}]},{"@type":"WebSite","@id":"https:\/\/fontedireta.com.br\/#website","url":"https:\/\/fontedireta.com.br\/","name":"Fonte Direta","description":"","potentialAction":[{"@type":"SearchAction","target":{"@type":"EntryPoint","urlTemplate":"https:\/\/fontedireta.com.br\/?s={search_term_string}"},"query-input":{"@type":"PropertyValueSpecification","valueRequired":true,"valueName":"search_term_string"}}],"inLanguage":"pt-BR"}]}},"_links":{"self":[{"href":"https:\/\/fontedireta.com.br\/index.php\/wp-json\/wp\/v2\/pages\/58","targetHints":{"allow":["GET"]}}],"collection":[{"href":"https:\/\/fontedireta.com.br\/index.php\/wp-json\/wp\/v2\/pages"}],"about":[{"href":"https:\/\/fontedireta.com.br\/index.php\/wp-json\/wp\/v2\/types\/page"}],"author":[{"embeddable":true,"href":"https:\/\/fontedireta.com.br\/index.php\/wp-json\/wp\/v2\/users\/1"}],"replies":[{"embeddable":true,"href":"https:\/\/fontedireta.com.br\/index.php\/wp-json\/wp\/v2\/comments?post=58"}],"version-history":[{"count":0,"href":"https:\/\/fontedireta.com.br\/index.php\/wp-json\/wp\/v2\/pages\/58\/revisions"}],"wp:attachment":[{"href":"https:\/\/fontedireta.com.br\/index.php\/wp-json\/wp\/v2\/media?parent=58"}],"curies":[{"name":"wp","href":"https:\/\/api.w.org\/{rel}","templated":true}]}}